{"id":1165,"date":"2025-06-27T12:56:31","date_gmt":"2025-06-27T12:56:31","guid":{"rendered":"https:\/\/lightsteelblue-tapir-986317.hostingersite.com\/?page_id=1165"},"modified":"2026-02-28T15:17:59","modified_gmt":"2026-02-28T15:17:59","slug":"planos","status":"publish","type":"page","link":"https:\/\/kiraion.com.br\/?page_id=1165","title":{"rendered":"Planos"},"content":{"rendered":"\t\t<div data-elementor-type=\"wp-page\" data-elementor-id=\"1165\" class=\"elementor elementor-1165\">\n\t\t\t\t<div class=\"elementor-element elementor-element-03abbbc e-flex e-con-boxed e-con e-parent\" data-id=\"03abbbc\" data-element_type=\"container\" data-e-type=\"container\" data-settings=\"{&quot;background_background&quot;:&quot;classic&quot;}\">\n\t\t\t\t\t<div class=\"e-con-inner\">\n\t\t<div class=\"elementor-element elementor-element-ba04d9a e-con-full e-flex e-con e-child\" data-id=\"ba04d9a\" data-element_type=\"container\" data-e-type=\"container\" data-settings=\"{&quot;background_background&quot;:&quot;classic&quot;}\">\n\t\t<div class=\"elementor-element elementor-element-3ba52bd e-con-full e-flex elementor-invisible e-con e-child\" data-id=\"3ba52bd\" data-element_type=\"container\" data-e-type=\"container\" data-settings=\"{&quot;animation&quot;:&quot;fadeInLeft&quot;}\">\n\t\t\t\t<div class=\"elementor-element elementor-element-d375b0a elementor-widget elementor-widget-heading\" data-id=\"d375b0a\" data-element_type=\"widget\" data-e-type=\"widget\" data-widget_type=\"heading.default\">\n\t\t\t\t<div class=\"elementor-widget-container\">\n\t\t\t\t\t<h3 class=\"elementor-heading-title elementor-size-default\">Planos que Libertam Seu Potencial: KIR<b>AI<\/b>ON Para Todos os Perfis<br><\/h3>\t\t\t\t<\/div>\n\t\t\t\t<\/div>\n\t\t\t\t<div class=\"elementor-element elementor-element-aecf028 elementor-widget elementor-widget-heading\" data-id=\"aecf028\" data-element_type=\"widget\" data-e-type=\"widget\" data-widget_type=\"heading.default\">\n\t\t\t\t<div class=\"elementor-widget-container\">\n\t\t\t\t\t<h4 class=\"elementor-heading-title elementor-size-default\">Carla j\u00e1 tinha desistido de tentar ferramentas \u201cmilagrosas\u201d \u2014 sempre exigiam um vendedor, \ncontratos longos, cart\u00f5es de cr\u00e9dito e uma maratona de onboarding.<br>\nQuando viu o trial gr\u00e1tis da KIR<b>AI<\/b>ON, decidiu dar mais uma chance.\n<\/h4>\t\t\t\t<\/div>\n\t\t\t\t<\/div>\n\t\t\t\t<\/div>\n\t\t\t\t<\/div>\n\t\t\t\t\t<\/div>\n\t\t\t\t<\/div>\n\t\t<div class=\"elementor-element elementor-element-9017ecb e-flex e-con-boxed e-con e-parent\" data-id=\"9017ecb\" data-element_type=\"container\" data-e-type=\"container\">\n\t\t\t\t\t<div class=\"e-con-inner\">\n\t\t\t\t<div class=\"elementor-element elementor-element-7b4ebe6 elementor-widget__width-initial elementor-widget elementor-widget-heading\" data-id=\"7b4ebe6\" data-element_type=\"widget\" data-e-type=\"widget\" data-widget_type=\"heading.default\">\n\t\t\t\t<div class=\"elementor-widget-container\">\n\t\t\t\t\t<h2 class=\"elementor-heading-title elementor-size-default\">Planos<\/h2>\t\t\t\t<\/div>\n\t\t\t\t<\/div>\n\t\t\t\t\t<\/div>\n\t\t\t\t<\/div>\n\t\t<div class=\"elementor-element elementor-element-dd7ff50 e-flex e-con-boxed elementor-invisible e-con e-parent\" data-id=\"dd7ff50\" data-element_type=\"container\" data-e-type=\"container\" data-settings=\"{&quot;animation&quot;:&quot;fadeInUp&quot;}\">\n\t\t\t\t\t<div class=\"e-con-inner\">\n\t\t<div class=\"elementor-element elementor-element-565f93b e-con-full e-flex e-con e-child\" data-id=\"565f93b\" data-element_type=\"container\" data-e-type=\"container\">\n\t\t<div class=\"elementor-element elementor-element-2f662e5 e-con-full e-flex e-con e-child\" data-id=\"2f662e5\" data-element_type=\"container\" data-e-type=\"container\">\n\t\t<div class=\"elementor-element elementor-element-236206b e-con-full e-flex e-con e-child\" data-id=\"236206b\" data-element_type=\"container\" data-e-type=\"container\">\n\t\t<div class=\"elementor-element elementor-element-5fa418a e-con-full e-flex e-con e-child\" data-id=\"5fa418a\" data-element_type=\"container\" data-e-type=\"container\">\n\t\t<div class=\"elementor-element elementor-element-e4878b3 e-con-full e-flex e-con e-child\" data-id=\"e4878b3\" data-element_type=\"container\" data-e-type=\"container\">\n\t\t\t\t<div class=\"elementor-element elementor-element-7f61ad8 elementor-widget__width-initial elementor-view-default elementor-mobile-position-block-start elementor-widget elementor-widget-icon-box\" data-id=\"7f61ad8\" data-element_type=\"widget\" data-e-type=\"widget\" data-widget_type=\"icon-box.default\">\n\t\t\t\t<div class=\"elementor-widget-container\">\n\t\t\t\t\t\t\t<div class=\"elementor-icon-box-wrapper\">\n\n\t\t\t\t\t\t<div class=\"elementor-icon-box-icon\">\n\t\t\t\t<span  class=\"elementor-icon\">\n\t\t\t\t<i aria-hidden=\"true\" class=\"far fa-clock\"><\/i>\t\t\t\t<\/span>\n\t\t\t<\/div>\n\t\t\t\n\t\t\t\t\t\t<div class=\"elementor-icon-box-content\">\n\n\t\t\t\t\t\t\t\t\t<h3 class=\"elementor-icon-box-title\">\n\t\t\t\t\t\t<span  >\n\t\t\t\t\t\t\tTrial de 7 dias, sem cart\u00e3o:\t\t\t\t\t\t<\/span>\n\t\t\t\t\t<\/h3>\n\t\t\t\t\n\t\t\t\t\t\t\t\t\t<p class=\"elementor-icon-box-description\">\n\t\t\t\t\t\tEm uma semana, Carla j\u00e1 colhia resultados \u2014 entreg\u00e1veis prontos, time confiante, \ndire\u00e7\u00e3o clara.\n\t\t\t\t\t<\/p>\n\t\t\t\t\n\t\t\t<\/div>\n\t\t\t\n\t\t<\/div>\n\t\t\t\t\t\t<\/div>\n\t\t\t\t<\/div>\n\t\t\t\t<\/div>\n\t\t<div class=\"elementor-element elementor-element-0457033 e-con-full e-flex e-con e-child\" data-id=\"0457033\" data-element_type=\"container\" data-e-type=\"container\">\n\t\t\t\t<div class=\"elementor-element elementor-element-875173f elementor-widget__width-initial elementor-view-default elementor-position-block-start elementor-mobile-position-block-start elementor-widget elementor-widget-icon-box\" data-id=\"875173f\" data-element_type=\"widget\" data-e-type=\"widget\" data-widget_type=\"icon-box.default\">\n\t\t\t\t<div class=\"elementor-widget-container\">\n\t\t\t\t\t\t\t<div class=\"elementor-icon-box-wrapper\">\n\n\t\t\t\t\t\t<div class=\"elementor-icon-box-icon\">\n\t\t\t\t<span  class=\"elementor-icon\">\n\t\t\t\t<i aria-hidden=\"true\" class=\"fas fa-rocket\"><\/i>\t\t\t\t<\/span>\n\t\t\t<\/div>\n\t\t\t\n\t\t\t\t\t\t<div class=\"elementor-icon-box-content\">\n\n\t\t\t\t\t\t\t\t\t<h3 class=\"elementor-icon-box-title\">\n\t\t\t\t\t\t<span  >\n\t\t\t\t\t\t\tPlano Starter:\t\t\t\t\t\t<\/span>\n\t\t\t\t\t<\/h3>\n\t\t\t\t\n\t\t\t\t\t\t\t\t\t<p class=\"elementor-icon-box-description\">\n\t\t\t\t\t\tPor R$ 39\/m\u00eas, a equipe da Carla trocou consultorias caras por automa\u00e7\u00e3o \ninteligente e suporte dedicado.\t\t\t\t\t<\/p>\n\t\t\t\t\n\t\t\t<\/div>\n\t\t\t\n\t\t<\/div>\n\t\t\t\t\t\t<\/div>\n\t\t\t\t<\/div>\n\t\t\t\t<\/div>\n\t\t<div class=\"elementor-element elementor-element-fd7b4ef e-con-full e-flex e-con e-child\" data-id=\"fd7b4ef\" data-element_type=\"container\" data-e-type=\"container\">\n\t\t\t\t<div class=\"elementor-element elementor-element-e9d87d2 elementor-widget__width-initial elementor-view-default elementor-position-block-start elementor-mobile-position-block-start elementor-widget elementor-widget-icon-box\" data-id=\"e9d87d2\" data-element_type=\"widget\" data-e-type=\"widget\" data-widget_type=\"icon-box.default\">\n\t\t\t\t<div class=\"elementor-widget-container\">\n\t\t\t\t\t\t\t<div class=\"elementor-icon-box-wrapper\">\n\n\t\t\t\t\t\t<div class=\"elementor-icon-box-icon\">\n\t\t\t\t<span  class=\"elementor-icon\">\n\t\t\t\t<i aria-hidden=\"true\" class=\"fas fa-unlock\"><\/i>\t\t\t\t<\/span>\n\t\t\t<\/div>\n\t\t\t\n\t\t\t\t\t\t<div class=\"elementor-icon-box-content\">\n\n\t\t\t\t\t\t\t\t\t<h3 class=\"elementor-icon-box-title\">\n\t\t\t\t\t\t<span  >\n\t\t\t\t\t\t\tSem risco, sem amarras:\t\t\t\t\t\t<\/span>\n\t\t\t\t\t<\/h3>\n\t\t\t\t\n\t\t\t\t\t\t\t\t\t<p class=\"elementor-icon-box-description\">\n\t\t\t\t\t\tQuando algu\u00e9m perguntou: \u201cVale a pena?\u201d, Carla respondeu: \u201cS\u00f3 testando para \nentender o que muda.\u201d\n\t\t\t\t\t<\/p>\n\t\t\t\t\n\t\t\t<\/div>\n\t\t\t\n\t\t<\/div>\n\t\t\t\t\t\t<\/div>\n\t\t\t\t<\/div>\n\t\t\t\t<\/div>\n\t\t\t\t<\/div>\n\t\t\t\t<\/div>\n\t\t\t\t<\/div>\n\t\t\t\t<\/div>\n\t\t\t\t\t<\/div>\n\t\t\t\t<\/div>\n\t\t<div class=\"elementor-element elementor-element-dfa089f e-flex e-con-boxed elementor-invisible e-con e-parent\" data-id=\"dfa089f\" data-element_type=\"container\" data-e-type=\"container\" data-settings=\"{&quot;animation&quot;:&quot;fadeInUp&quot;}\">\n\t\t\t\t\t<div class=\"e-con-inner\">\n\t\t<div class=\"elementor-element elementor-element-e93a3cd e-con-full e-flex e-con e-child\" data-id=\"e93a3cd\" data-element_type=\"container\" data-e-type=\"container\">\n\t\t<div class=\"elementor-element elementor-element-6977c5b e-con-full e-flex e-con e-child\" data-id=\"6977c5b\" data-element_type=\"container\" data-e-type=\"container\">\n\t\t\t\t<div class=\"elementor-element elementor-element-c300c28 elementor-widget elementor-widget-heading\" data-id=\"c300c28\" data-element_type=\"widget\" data-e-type=\"widget\" data-widget_type=\"heading.default\">\n\t\t\t\t<div class=\"elementor-widget-container\">\n\t\t\t\t\t<h4 class=\"elementor-heading-title elementor-size-default\">Hoje, Carla n\u00e3o perde mais tempo  nem dinheiro, e s\u00f3 recomenda a KIR<b>AI<\/b>ON para quem quer \nentregar r\u00e1pido e bem.<\/h4>\t\t\t\t<\/div>\n\t\t\t\t<\/div>\n\t\t\t\t<\/div>\n\t\t\t\t<\/div>\n\t\t\t\t\t<\/div>\n\t\t\t\t<\/div>\n\t\t<div class=\"elementor-element elementor-element-0f8f3ad e-flex e-con-boxed e-con e-parent\" data-id=\"0f8f3ad\" data-element_type=\"container\" data-e-type=\"container\">\n\t\t\t\t\t<div class=\"e-con-inner\">\n\t\t<div class=\"elementor-element elementor-element-12b8eb9 e-con-full e-flex e-con e-child\" data-id=\"12b8eb9\" data-element_type=\"container\" data-e-type=\"container\">\n\t\t\t\t<div class=\"elementor-element elementor-element-5fb1f58 append-lang elementor-widget elementor-widget-html\" data-id=\"5fb1f58\" data-element_type=\"widget\" data-e-type=\"widget\" data-widget_type=\"html.default\">\n\t\t\t\t<div class=\"elementor-widget-container\">\n\t\t\t\t\t<style>\r\na.append-lang {\r\n  display:inline-block;\r\n  padding:14px 28px;\r\n  border-radius:9999px;\r\n  background:linear-gradient(180deg,#FFB52A 0%, #FF9800 100%);\r\n  color:#fff;\r\n  text-decoration:none !important;\r\n  text-transform:uppercase;\r\n  font-weight:500; \r\n  letter-spacing:.6px;\r\n  font-size:14px;\r\n  line-height:1;\r\n  white-space:nowrap;\r\n  cursor:pointer;\r\n  box-shadow:\r\n    0 2px 0 rgba(0,0,0,.08),\r\n    0 10px 22px rgba(0,0,0,.20);\r\n  transition:transform .15s ease, box-shadow .15s ease, filter .15s ease;\r\n}\r\n\r\na.append-lang:hover {\r\n  transform:translateY(-1px);\r\n  filter:brightness(.96);\r\n  box-shadow:\r\n    0 3px 0 rgba(0,0,0,.10),\r\n    0 14px 28px rgba(0,0,0,.22);\r\n}\r\n\r\na.append-lang:active {\r\n  transform:translateY(0);\r\n  filter:brightness(.92);\r\n  box-shadow:\r\n    0 1px 0 rgba(0,0,0,.08),\r\n    0 8px 18px rgba(0,0,0,.18);\r\n}\r\n\r\na.append-lang:focus-visible {\r\n  outline:2px solid #FFD488;\r\n  outline-offset:2px;\r\n}\r\n<\/style>\r\n\r\n<!-- Bot\u00e3o -->\r\n<a href=\"https:\/\/app.kiraai.com.br\/plans\" class=\"append-lang\">\r\n  Quero testar meu plano agora\r\n<\/a>\r\n\r\n<!-- Script para anexar ?lang=xx automaticamente -->\r\n<script>\r\n(function(){\r\n  function isLangCode(s){ return \/^[a-z]{2}(-[A-Z]{2})?$\/i.test(s || \"\"); }\r\n\r\n  function getLangFromPath(){\r\n    var seg = (location.pathname || \"\").split(\"\/\").filter(Boolean)[0];\r\n    return isLangCode(seg) ? seg : null;\r\n  }\r\n\r\n  function getLangFromCookie(){\r\n    var m = document.cookie.match(\/(?:^|;)\\s*googtrans=([^;]+)\/);\r\n    if(!m) return null;\r\n    try{\r\n      var v = decodeURIComponent(m[1]);\r\n      var parts = v.split(\"\/\");\r\n      return parts[parts.length-1] || null;\r\n    }catch(e){ return null; }\r\n  }\r\n\r\n  function getCurrentLang(){\r\n    return (getLangFromPath() || getLangFromCookie() || \"pt\").toLowerCase();\r\n  }\r\n\r\n  function appendParam(url, key, value){\r\n    var u = new URL(url, location.origin);\r\n    if (u.searchParams.has(key)) u.searchParams.set(key, value);\r\n    else u.searchParams.append(key, value);\r\n    return u.toString();\r\n  }\r\n\r\n  document.addEventListener(\"DOMContentLoaded\", function(){\r\n    var lang = getCurrentLang();\r\n    document.querySelectorAll(\"a.append-lang\").forEach(function(a){\r\n      a.href = appendParam(a.href, \"lang\", lang);\r\n    });\r\n    document.querySelectorAll(\"form.append-lang\").forEach(function(f){\r\n      if(!f.querySelector('input[name=\"lang\"]')){\r\n        var input = document.createElement(\"input\");\r\n        input.type = \"hidden\";\r\n        input.name = \"lang\";\r\n        input.value = lang;\r\n        f.appendChild(input);\r\n      }\r\n    });\r\n  });\r\n})();\r\n<\/script>\r\n\t\t\t\t<\/div>\n\t\t\t\t<\/div>\n\t\t\t\t<\/div>\n\t\t\t\t\t<\/div>\n\t\t\t\t<\/div>\n\t\t\t\t<\/div>\n\t\t","protected":false},"excerpt":{"rendered":"<p>Planos que Libertam Seu Potencial: KIRAION Para Todos os Perfis Carla j\u00e1 tinha desistido de tentar ferramentas \u201cmilagrosas\u201d \u2014 sempre exigiam um vendedor, contratos longos, cart\u00f5es de cr\u00e9dito e uma maratona de onboarding. Quando viu o trial gr\u00e1tis da KIRAION, decidiu dar mais uma chance. Planos Trial de 7 dias, sem cart\u00e3o: Em uma semana, [&hellip;]<\/p>\n","protected":false},"author":1,"featured_media":0,"parent":0,"menu_order":0,"comment_status":"closed","ping_status":"closed","template":"elementor_header_footer","meta":{"_uag_custom_page_level_css":"","site-sidebar-layout":"no-sidebar","site-content-layout":"page-builder","ast-site-content-layout":"full-width-container","site-content-style":"default","site-sidebar-style":"default","ast-global-header-display":"","ast-banner-title-visibility":"","ast-main-header-display":"","ast-hfb-above-header-display":"","ast-hfb-below-header-display":"","ast-hfb-mobile-header-display":"","site-post-title":"disabled","ast-breadcrumbs-content":"","ast-featured-img":"disabled","footer-sml-layout":"","theme-transparent-header-meta":"","adv-header-id-meta":"","stick-header-meta":"","header-above-stick-meta":"","header-main-stick-meta":"","header-below-stick-meta":"","astra-migrate-meta-layouts":"set","ast-page-background-enabled":"default","ast-page-background-meta":{"desktop":{"background-color":"","background-image":"","background-repeat":"repeat","background-position":"center center","background-size":"auto","background-attachment":"scroll","background-type":"","background-media":"","overlay-type":"","overlay-color":"","overlay-opacity":"","overlay-gradient":""},"tablet":{"background-color":"","background-image":"","background-repeat":"repeat","background-position":"center center","background-size":"auto","background-attachment":"scroll","background-type":"","background-media":"","overlay-type":"","overlay-color":"","overlay-opacity":"","overlay-gradient":""},"mobile":{"background-color":"","background-image":"","background-repeat":"repeat","background-position":"center center","background-size":"auto","background-attachment":"scroll","background-type":"","background-media":"","overlay-type":"","overlay-color":"","overlay-opacity":"","overlay-gradient":""}},"ast-content-background-meta":{"desktop":{"background-color":"var(--ast-global-color-5)","background-image":"","background-repeat":"repeat","background-position":"center center","background-size":"auto","background-attachment":"scroll","background-type":"","background-media":"","overlay-type":"","overlay-color":"","overlay-opacity":"","overlay-gradient":""},"tablet":{"background-color":"var(--ast-global-color-5)","background-image":"","background-repeat":"repeat","background-position":"center center","background-size":"auto","background-attachment":"scroll","background-type":"","background-media":"","overlay-type":"","overlay-color":"","overlay-opacity":"","overlay-gradient":""},"mobile":{"background-color":"var(--ast-global-color-5)","background-image":"","background-repeat":"repeat","background-position":"center center","background-size":"auto","background-attachment":"scroll","background-type":"","background-media":"","overlay-type":"","overlay-color":"","overlay-opacity":"","overlay-gradient":""}},"_joinchat":[],"footnotes":""},"class_list":["post-1165","page","type-page","status-publish","hentry"],"yoast_head":"<!-- This site is optimized with the Yoast SEO plugin v25.6 - https:\/\/yoast.com\/wordpress\/plugins\/seo\/ -->\n<title>Planos - KIRAION<\/title>\n<meta name=\"robots\" content=\"index, follow, max-snippet:-1, max-image-preview:large, max-video-preview:-1\" \/>\n<link rel=\"canonical\" href=\"https:\/\/kiraion.com.br\/?page_id=1165\" \/>\n<meta property=\"og:locale\" content=\"pt_BR\" \/>\n<meta property=\"og:type\" content=\"article\" \/>\n<meta property=\"og:title\" content=\"Planos - KIRAION\" \/>\n<meta property=\"og:description\" content=\"Planos que Libertam Seu Potencial: KIRAION Para Todos os Perfis Carla j\u00e1 tinha desistido de tentar ferramentas \u201cmilagrosas\u201d \u2014 sempre exigiam um vendedor, contratos longos, cart\u00f5es de cr\u00e9dito e uma maratona de onboarding. Quando viu o trial gr\u00e1tis da KIRAION, decidiu dar mais uma chance. Planos Trial de 7 dias, sem cart\u00e3o: Em uma semana, [&hellip;]\" \/>\n<meta property=\"og:url\" content=\"https:\/\/kiraion.com.br\/?page_id=1165\" \/>\n<meta property=\"og:site_name\" content=\"KIRAION\" \/>\n<meta property=\"article:publisher\" content=\"https:\/\/www.facebook.com\/profile.php?id=61572732675510\" \/>\n<meta property=\"article:modified_time\" content=\"2026-02-28T15:17:59+00:00\" \/>\n<meta name=\"twitter:card\" content=\"summary_large_image\" \/>\n<meta name=\"twitter:label1\" content=\"Est. tempo de leitura\" \/>\n\t<meta name=\"twitter:data1\" content=\"1 minuto\" \/>\n<script type=\"application\/ld+json\" class=\"yoast-schema-graph\">{\"@context\":\"https:\/\/schema.org\",\"@graph\":[{\"@type\":\"WebPage\",\"@id\":\"https:\/\/kiraion.com.br\/?page_id=1165\",\"url\":\"https:\/\/kiraion.com.br\/?page_id=1165\",\"name\":\"Planos - KIRAION\",\"isPartOf\":{\"@id\":\"https:\/\/kiraion.com.br\/#website\"},\"datePublished\":\"2025-06-27T12:56:31+00:00\",\"dateModified\":\"2026-02-28T15:17:59+00:00\",\"breadcrumb\":{\"@id\":\"https:\/\/kiraion.com.br\/?page_id=1165#breadcrumb\"},\"inLanguage\":\"pt-BR\",\"potentialAction\":[{\"@type\":\"ReadAction\",\"target\":[\"https:\/\/kiraion.com.br\/?page_id=1165\"]}]},{\"@type\":\"BreadcrumbList\",\"@id\":\"https:\/\/kiraion.com.br\/?page_id=1165#breadcrumb\",\"itemListElement\":[{\"@type\":\"ListItem\",\"position\":1,\"name\":\"In\u00edcio\",\"item\":\"https:\/\/kiraion.com.br\/\"},{\"@type\":\"ListItem\",\"position\":2,\"name\":\"Planos\"}]},{\"@type\":\"WebSite\",\"@id\":\"https:\/\/kiraion.com.br\/#website\",\"url\":\"https:\/\/kiraion.com.br\/\",\"name\":\"kiraai.com.br\",\"description\":\"Site para marketing do produto KIRAION.\",\"publisher\":{\"@id\":\"https:\/\/kiraion.com.br\/#organization\"},\"potentialAction\":[{\"@type\":\"SearchAction\",\"target\":{\"@type\":\"EntryPoint\",\"urlTemplate\":\"https:\/\/kiraion.com.br\/?s={search_term_string}\"},\"query-input\":{\"@type\":\"PropertyValueSpecification\",\"valueRequired\":true,\"valueName\":\"search_term_string\"}}],\"inLanguage\":\"pt-BR\"},{\"@type\":\"Organization\",\"@id\":\"https:\/\/kiraion.com.br\/#organization\",\"name\":\"Kira AI\",\"alternateName\":\"Kira ai\",\"url\":\"https:\/\/kiraion.com.br\/\",\"logo\":{\"@type\":\"ImageObject\",\"inLanguage\":\"pt-BR\",\"@id\":\"https:\/\/kiraion.com.br\/#\/schema\/logo\/image\/\",\"url\":\"https:\/\/kiraion.com.br\/wp-content\/uploads\/2026\/02\/cropped-cropped-cropped-KiraAi_cor-scaled-1-154x38-1.png\",\"contentUrl\":\"https:\/\/kiraion.com.br\/wp-content\/uploads\/2026\/02\/cropped-cropped-cropped-KiraAi_cor-scaled-1-154x38-1.png\",\"width\":154,\"height\":57,\"caption\":\"Kira AI\"},\"image\":{\"@id\":\"https:\/\/kiraion.com.br\/#\/schema\/logo\/image\/\"},\"sameAs\":[\"https:\/\/www.facebook.com\/profile.php?id=61572732675510\",\"https:\/\/www.instagram.com\/kiraai.inovacao\/#\",\"https:\/\/www.linkedin.com\/company\/106621285\/admin\/dashboard\"]}]}<\/script>\n<!-- \/ Yoast SEO plugin. -->","yoast_head_json":{"title":"Planos - KIRAION","robots":{"index":"index","follow":"follow","max-snippet":"max-snippet:-1","max-image-preview":"max-image-preview:large","max-video-preview":"max-video-preview:-1"},"canonical":"https:\/\/kiraion.com.br\/?page_id=1165","og_locale":"pt_BR","og_type":"article","og_title":"Planos - KIRAION","og_description":"Planos que Libertam Seu Potencial: KIRAION Para Todos os Perfis Carla j\u00e1 tinha desistido de tentar ferramentas \u201cmilagrosas\u201d \u2014 sempre exigiam um vendedor, contratos longos, cart\u00f5es de cr\u00e9dito e uma maratona de onboarding. Quando viu o trial gr\u00e1tis da KIRAION, decidiu dar mais uma chance. Planos Trial de 7 dias, sem cart\u00e3o: Em uma semana, [&hellip;]","og_url":"https:\/\/kiraion.com.br\/?page_id=1165","og_site_name":"KIRAION","article_publisher":"https:\/\/www.facebook.com\/profile.php?id=61572732675510","article_modified_time":"2026-02-28T15:17:59+00:00","twitter_card":"summary_large_image","twitter_misc":{"Est. tempo de leitura":"1 minuto"},"schema":{"@context":"https:\/\/schema.org","@graph":[{"@type":"WebPage","@id":"https:\/\/kiraion.com.br\/?page_id=1165","url":"https:\/\/kiraion.com.br\/?page_id=1165","name":"Planos - KIRAION","isPartOf":{"@id":"https:\/\/kiraion.com.br\/#website"},"datePublished":"2025-06-27T12:56:31+00:00","dateModified":"2026-02-28T15:17:59+00:00","breadcrumb":{"@id":"https:\/\/kiraion.com.br\/?page_id=1165#breadcrumb"},"inLanguage":"pt-BR","potentialAction":[{"@type":"ReadAction","target":["https:\/\/kiraion.com.br\/?page_id=1165"]}]},{"@type":"BreadcrumbList","@id":"https:\/\/kiraion.com.br\/?page_id=1165#breadcrumb","itemListElement":[{"@type":"ListItem","position":1,"name":"In\u00edcio","item":"https:\/\/kiraion.com.br\/"},{"@type":"ListItem","position":2,"name":"Planos"}]},{"@type":"WebSite","@id":"https:\/\/kiraion.com.br\/#website","url":"https:\/\/kiraion.com.br\/","name":"kiraai.com.br","description":"Site para marketing do produto KIRAION.","publisher":{"@id":"https:\/\/kiraion.com.br\/#organization"},"potentialAction":[{"@type":"SearchAction","target":{"@type":"EntryPoint","urlTemplate":"https:\/\/kiraion.com.br\/?s={search_term_string}"},"query-input":{"@type":"PropertyValueSpecification","valueRequired":true,"valueName":"search_term_string"}}],"inLanguage":"pt-BR"},{"@type":"Organization","@id":"https:\/\/kiraion.com.br\/#organization","name":"Kira AI","alternateName":"Kira ai","url":"https:\/\/kiraion.com.br\/","logo":{"@type":"ImageObject","inLanguage":"pt-BR","@id":"https:\/\/kiraion.com.br\/#\/schema\/logo\/image\/","url":"https:\/\/kiraion.com.br\/wp-content\/uploads\/2026\/02\/cropped-cropped-cropped-KiraAi_cor-scaled-1-154x38-1.png","contentUrl":"https:\/\/kiraion.com.br\/wp-content\/uploads\/2026\/02\/cropped-cropped-cropped-KiraAi_cor-scaled-1-154x38-1.png","width":154,"height":57,"caption":"Kira AI"},"image":{"@id":"https:\/\/kiraion.com.br\/#\/schema\/logo\/image\/"},"sameAs":["https:\/\/www.facebook.com\/profile.php?id=61572732675510","https:\/\/www.instagram.com\/kiraai.inovacao\/#","https:\/\/www.linkedin.com\/company\/106621285\/admin\/dashboard"]}]}},"uagb_featured_image_src":{"full":false,"thumbnail":false,"medium":false,"medium_large":false,"large":false,"1536x1536":false,"2048x2048":false},"uagb_author_info":{"display_name":"caroline.portela@sp.senai.br","author_link":"https:\/\/kiraion.com.br\/?author=1"},"uagb_comment_info":0,"uagb_excerpt":"Planos que Libertam Seu Potencial: KIRAION Para Todos os Perfis Carla j\u00e1 tinha desistido de tentar ferramentas \u201cmilagrosas\u201d \u2014 sempre exigiam um vendedor, contratos longos, cart\u00f5es de cr\u00e9dito e uma maratona de onboarding. Quando viu o trial gr\u00e1tis da KIRAION, decidiu dar mais uma chance. Planos Trial de 7 dias, sem cart\u00e3o: Em uma semana,&hellip;","_links":{"self":[{"href":"https:\/\/kiraion.com.br\/index.php?rest_route=\/wp\/v2\/pages\/1165","targetHints":{"allow":["GET"]}}],"collection":[{"href":"https:\/\/kiraion.com.br\/index.php?rest_route=\/wp\/v2\/pages"}],"about":[{"href":"https:\/\/kiraion.com.br\/index.php?rest_route=\/wp\/v2\/types\/page"}],"author":[{"embeddable":true,"href":"https:\/\/kiraion.com.br\/index.php?rest_route=\/wp\/v2\/users\/1"}],"replies":[{"embeddable":true,"href":"https:\/\/kiraion.com.br\/index.php?rest_route=%2Fwp%2Fv2%2Fcomments&post=1165"}],"version-history":[{"count":86,"href":"https:\/\/kiraion.com.br\/index.php?rest_route=\/wp\/v2\/pages\/1165\/revisions"}],"predecessor-version":[{"id":2592,"href":"https:\/\/kiraion.com.br\/index.php?rest_route=\/wp\/v2\/pages\/1165\/revisions\/2592"}],"wp:attachment":[{"href":"https:\/\/kiraion.com.br\/index.php?rest_route=%2Fwp%2Fv2%2Fmedia&parent=1165"}],"curies":[{"name":"wp","href":"https:\/\/api.w.org\/{rel}","templated":true}]}}